{"id":1613,"date":"2022-12-16T09:50:28","date_gmt":"2022-12-16T09:50:28","guid":{"rendered":"https:\/\/fabulaliving.dk\/?page_id=1613"},"modified":"2024-01-17T17:53:41","modified_gmt":"2024-01-17T17:53:41","slug":"fabula-living","status":"publish","type":"page","link":"https:\/\/fabulaliving.dk\/de\/fabula-living\/","title":{"rendered":"FABULA LIVING"},"content":{"rendered":"<div data-elementor-type=\"wp-page\" data-elementor-id=\"1613\" class=\"elementor elementor-1613\" data-elementor-post-type=\"page\">\n\t\t\t\t\t\t\t\t\t<section class=\"elementor-section elementor-top-section elementor-element elementor-element-dfaab71 elementor-section-boxed elementor-section-height-default elementor-section-height-default\" data-id=\"dfaab71\" data-element_type=\"section\">\n\t\t\t\t\t\t<div class=\"elementor-container elementor-column-gap-default\">\n\t\t\t\t\t<div class=\"elementor-column elementor-col-50 elementor-top-column elementor-element elementor-element-2de634a\" data-id=\"2de634a\" data-element_type=\"column\">\n\t\t\t<div class=\"elementor-widget-wrap elementor-element-populated\">\n\t\t\t\t\t\t\t\t<div class=\"elementor-element elementor-element-cca6a70 elementor-widget elementor-widget-heading\" data-id=\"cca6a70\" data-element_type=\"widget\" data-widget_type=\"heading.default\">\n\t\t\t\t<div class=\"elementor-widget-container\">\n\t\t\t<style>\/*! elementor - v3.16.0 - 20-09-2023 *\/\n.elementor-heading-title{padding:0;margin:0;line-height:1}.elementor-widget-heading .elementor-heading-title[class*=elementor-size-]>a{color:inherit;font-size:inherit;line-height:inherit}.elementor-widget-heading .elementor-heading-title.elementor-size-small{font-size:15px}.elementor-widget-heading .elementor-heading-title.elementor-size-medium{font-size:19px}.elementor-widget-heading .elementor-heading-title.elementor-size-large{font-size:29px}.elementor-widget-heading .elementor-heading-title.elementor-size-xl{font-size:39px}.elementor-widget-heading .elementor-heading-title.elementor-size-xxl{font-size:59px}<\/style><h2 class=\"elementor-heading-title elementor-size-default\">Fabula Living<\/h2>\t\t<\/div>\n\t\t\t\t<\/div>\n\t\t\t\t<div class=\"elementor-element elementor-element-0578371 elementor-widget elementor-widget-spacer\" data-id=\"0578371\" data-element_type=\"widget\" data-widget_type=\"spacer.default\">\n\t\t\t\t<div class=\"elementor-widget-container\">\n\t\t\t<style>\/*! elementor - v3.16.0 - 20-09-2023 *\/\n.elementor-column .elementor-spacer-inner{height:var(--spacer-size)}.e-con{--container-widget-width:100%}.e-con-inner>.elementor-widget-spacer,.e-con>.elementor-widget-spacer{width:var(--container-widget-width,var(--spacer-size));--align-self:var(--container-widget-align-self,initial);--flex-shrink:0}.e-con-inner>.elementor-widget-spacer>.elementor-widget-container,.e-con>.elementor-widget-spacer>.elementor-widget-container{height:100%;width:100%}.e-con-inner>.elementor-widget-spacer>.elementor-widget-container>.elementor-spacer,.e-con>.elementor-widget-spacer>.elementor-widget-container>.elementor-spacer{height:100%}.e-con-inner>.elementor-widget-spacer>.elementor-widget-container>.elementor-spacer>.elementor-spacer-inner,.e-con>.elementor-widget-spacer>.elementor-widget-container>.elementor-spacer>.elementor-spacer-inner{height:var(--container-widget-height,var(--spacer-size))}.e-con-inner>.elementor-widget-spacer.elementor-widget-empty,.e-con>.elementor-widget-spacer.elementor-widget-empty{position:relative;min-height:22px;min-width:22px}.e-con-inner>.elementor-widget-spacer.elementor-widget-empty .elementor-widget-empty-icon,.e-con>.elementor-widget-spacer.elementor-widget-empty .elementor-widget-empty-icon{position:absolute;top:0;bottom:0;left:0;right:0;margin:auto;padding:0;width:22px;height:22px}<\/style>\t\t<div class=\"elementor-spacer\">\n\t\t\t<div class=\"elementor-spacer-inner\"><\/div>\n\t\t<\/div>\n\t\t\t\t<\/div>\n\t\t\t\t<\/div>\n\t\t\t\t<div class=\"elementor-element elementor-element-35ea946 elementor-widget__width-initial elementor-widget elementor-widget-text-editor\" data-id=\"35ea946\" data-element_type=\"widget\" data-widget_type=\"text-editor.default\">\n\t\t\t\t<div class=\"elementor-widget-container\">\n\t\t\t<style>\/*! elementor - v3.16.0 - 20-09-2023 *\/\n.elementor-widget-text-editor.elementor-drop-cap-view-stacked .elementor-drop-cap{background-color:#69727d;color:#fff}.elementor-widget-text-editor.elementor-drop-cap-view-framed .elementor-drop-cap{color:#69727d;border:3px solid;background-color:transparent}.elementor-widget-text-editor:not(.elementor-drop-cap-view-default) .elementor-drop-cap{margin-top:8px}.elementor-widget-text-editor:not(.elementor-drop-cap-view-default) .elementor-drop-cap-letter{width:1em;height:1em}.elementor-widget-text-editor .elementor-drop-cap{float:left;text-align:center;line-height:1;font-size:50px}.elementor-widget-text-editor .elementor-drop-cap-letter{display:inline-block}<\/style>\t\t\t\t<p>Fabula Living repr\u00e4sentiert die skandinavische Einfachheit. Hier fliessen traditionelle Techniken und bahnbrechende Qualit\u00e4ten mit den zeitlosen und modernen Teppichen zusammen: Ein Gruss an Design und Qualit\u00e4t.\u00a0<\/p><p><span style=\"color: var( --e-global-color-text );font-family: var( --e-global-typography-text-font-family ), montserrat;font-size: var( --e-global-typography-text-font-size );font-weight: var( --e-global-typography-text-font-weight );background-color: var( --e-global-color-b75e11a )\">Hier liegt das Wesentliche im kreativen Prozess, ein sorgf\u00e4ltig ausgewogener Tanz ( Balanceakt) mit den feinsten Wollgarnen und nat\u00fcrlichen Farbnuancen, welche die nordische Landschaft widerspiegeln ( reflektieren). Hingabe und Geduld, komplexe Webmuster, akkurate Details und unz\u00e4hlige Tests durchfliessen jedes einzelne Design.\u00a0\u00a0<\/span><\/p><p><span style=\"color: var( --e-global-color-text );font-family: var( --e-global-typography-text-font-family ), montserrat;font-size: var( --e-global-typography-text-font-size );font-weight: var( --e-global-typography-text-font-weight );background-color: var( --e-global-color-b75e11a )\">Basiert auf jahrzehntelanger Erfahrung, optimieren wir st\u00e4ndig das Zusammentreffen von \u00c4sthetik und Funktionalit\u00e4t und gestalten eine tadellose, dezente und nordische Eleganz f\u00fcr die internationale Designszene.<\/span><\/p><div>\u00a0<\/div><p>\u00a0<\/p>\t\t\t\t\t\t<\/div>\n\t\t\t\t<\/div>\n\t\t\t\t\t<\/div>\n\t\t<\/div>\n\t\t\t\t<div class=\"elementor-column elementor-col-50 elementor-top-column elementor-element elementor-element-6e3b67c\" data-id=\"6e3b67c\" data-element_type=\"column\">\n\t\t\t<div class=\"elementor-widget-wrap elementor-element-populated\">\n\t\t\t\t\t\t\t\t<div class=\"elementor-element elementor-element-f9db824 elementor-widget elementor-widget-image\" data-id=\"f9db824\" data-element_type=\"widget\" data-widget_type=\"image.default\">\n\t\t\t\t<div class=\"elementor-widget-container\">\n\t\t\t<style>\/*! elementor - v3.16.0 - 20-09-2023 *\/\n.elementor-widget-image{text-align:center}.elementor-widget-image a{display:inline-block}.elementor-widget-image a img[src$=\".svg\"]{width:48px}.elementor-widget-image img{vertical-align:middle;display:inline-block}<\/style>\t\t\t\t\t\t\t\t\t\t\t\t<img loading=\"lazy\" decoding=\"async\" width=\"741\" height=\"1024\" src=\"https:\/\/fabulaliving.dk\/wp-content\/uploads\/2024\/01\/Fabula_Mood_2024_05_300dpi_Medium-741x1024.jpg\" class=\"attachment-large size-large wp-image-5155\" alt=\"\" srcset=\"https:\/\/fabulaliving.dk\/wp-content\/uploads\/2024\/01\/Fabula_Mood_2024_05_300dpi_Medium-741x1024.jpg 741w, https:\/\/fabulaliving.dk\/wp-content\/uploads\/2024\/01\/Fabula_Mood_2024_05_300dpi_Medium-217x300.jpg 217w, https:\/\/fabulaliving.dk\/wp-content\/uploads\/2024\/01\/Fabula_Mood_2024_05_300dpi_Medium-768x1062.jpg 768w, https:\/\/fabulaliving.dk\/wp-content\/uploads\/2024\/01\/Fabula_Mood_2024_05_300dpi_Medium-1111x1536.jpg 1111w, https:\/\/fabulaliving.dk\/wp-content\/uploads\/2024\/01\/Fabula_Mood_2024_05_300dpi_Medium-1482x2048.jpg 1482w, https:\/\/fabulaliving.dk\/wp-content\/uploads\/2024\/01\/Fabula_Mood_2024_05_300dpi_Medium-9x12.jpg 9w, https:\/\/fabulaliving.dk\/wp-content\/uploads\/2024\/01\/Fabula_Mood_2024_05_300dpi_Medium-600x829.jpg 600w, https:\/\/fabulaliving.dk\/wp-content\/uploads\/2024\/01\/Fabula_Mood_2024_05_300dpi_Medium-64x88.jpg 64w, https:\/\/fabulaliving.dk\/wp-content\/uploads\/2024\/01\/Fabula_Mood_2024_05_300dpi_Medium-scaled.jpg 1852w\" sizes=\"auto, (max-width: 741px) 100vw, 741px\" \/>\t\t\t\t\t\t\t\t\t\t\t\t\t\t\t<\/div>\n\t\t\t\t<\/div>\n\t\t\t\t<div class=\"elementor-element elementor-element-cbcd1aa elementor-widget__width-initial elementor-widget elementor-widget-text-editor\" data-id=\"cbcd1aa\" data-element_type=\"widget\" data-widget_type=\"text-editor.default\">\n\t\t\t\t<div class=\"elementor-widget-container\">\n\t\t\t\t\t\t\t\t\t\t\t\t\t<\/div>\n\t\t\t\t<\/div>\n\t\t\t\t\t<\/div>\n\t\t<\/div>\n\t\t\t\t\t\t\t<\/div>\n\t\t<\/section>\n\t\t\t\t\t\t\t<\/div>","protected":false},"excerpt":{"rendered":"<p>\/*! elementor &#8211; v3.16.0 &#8211; 20-09-2023 *\/ .elementor-heading-title{padding:0;margin:0;line-height:1}.elementor-widget-heading .elementor-heading-title[class*=elementor-size-]&gt;a{color:inherit;font-size:inherit;line-height:inherit}.elementor-widget-heading .elementor-heading-title.elementor-size-small{font-size:15px}.elementor-widget-heading .elementor-heading-title.elementor-size-medium{font-size:19px}.elementor-widget-heading .elementor-heading-title.elementor-size-large{font-size:29px}.elementor-widget-heading .elementor-heading-title.elementor-size-xl{font-size:39px}.elementor-widget-heading .elementor-heading-title.elementor-size-xxl{font-size:59px} Fabula Living \/*! elementor &#8211; v3.16.0 &#8211; 20-09-2023 *\/ .elementor-column .elementor-spacer-inner{height:var(&#8211;spacer-size)}.e-con{&#8211;container-widget-width:100%}.e-con-inner&gt;.elementor-widget-spacer,.e-con&gt;.elementor-widget-spacer{width:var(&#8211;container-widget-width,var(&#8211;spacer-size));&#8211;align-self:var(&#8211;container-widget-align-self,initial);&#8211;flex-shrink:0}.e-con-inner&gt;.elementor-widget-spacer&gt;.elementor-widget-container,.e-con&gt;.elementor-widget-spacer&gt;.elementor-widget-container{height:100%;width:100%}.e-con-inner&gt;.elementor-widget-spacer&gt;.elementor-widget-container&gt;.elementor-spacer,.e-con&gt;.elementor-widget-spacer&gt;.elementor-widget-container&gt;.elementor-spacer{height:100%}.e-con-inner&gt;.elementor-widget-spacer&gt;.elementor-widget-container&gt;.elementor-spacer&gt;.elementor-spacer-inner,.e-con&gt;.elementor-widget-spacer&gt;.elementor-widget-container&gt;.elementor-spacer&gt;.elementor-spacer-inner{height:var(&#8211;container-widget-height,var(&#8211;spacer-size))}.e-con-inner&gt;.elementor-widget-spacer.elementor-widget-empty,.e-con&gt;.elementor-widget-spacer.elementor-widget-empty{position:relative;min-height:22px;min-width:22px}.e-con-inner&gt;.elementor-widget-spacer.elementor-widget-empty .elementor-widget-empty-icon,.e-con&gt;.elementor-widget-spacer.elementor-widget-empty .elementor-widget-empty-icon{position:absolute;top:0;bottom:0;left:0;right:0;margin:auto;padding:0;width:22px;height:22px} Skandinavisk enkelhed, banebrydende kvaliteter og traditionelle teknikker flyder sammen i Fabula Livings tidl\u00f8se og moderne t\u00e6pper, som hylder design og kvalitet.\u00a0 Essensen ligger i den kreative proces, en [&hellip;]<\/p>","protected":false},"author":1,"featured_media":0,"parent":0,"menu_order":0,"comment_status":"closed","ping_status":"closed","template":"","meta":{"footnotes":""},"class_list":["post-1613","page","type-page","status-publish","hentry"],"acf":[],"_links":{"self":[{"href":"https:\/\/fabulaliving.dk\/de\/wp-json\/wp\/v2\/pages\/1613","targetHints":{"allow":["GET"]}}],"collection":[{"href":"https:\/\/fabulaliving.dk\/de\/wp-json\/wp\/v2\/pages"}],"about":[{"href":"https:\/\/fabulaliving.dk\/de\/wp-json\/wp\/v2\/types\/page"}],"author":[{"embeddable":true,"href":"https:\/\/fabulaliving.dk\/de\/wp-json\/wp\/v2\/users\/1"}],"replies":[{"embeddable":true,"href":"https:\/\/fabulaliving.dk\/de\/wp-json\/wp\/v2\/comments?post=1613"}],"version-history":[{"count":15,"href":"https:\/\/fabulaliving.dk\/de\/wp-json\/wp\/v2\/pages\/1613\/revisions"}],"predecessor-version":[{"id":5158,"href":"https:\/\/fabulaliving.dk\/de\/wp-json\/wp\/v2\/pages\/1613\/revisions\/5158"}],"wp:attachment":[{"href":"https:\/\/fabulaliving.dk\/de\/wp-json\/wp\/v2\/media?parent=1613"}],"curies":[{"name":"wp","href":"https:\/\/api.w.org\/{rel}","templated":true}]}}