{"id":1615,"date":"2022-12-16T09:52:33","date_gmt":"2022-12-16T09:52:33","guid":{"rendered":"https:\/\/fabulaliving.dk\/?page_id=1615"},"modified":"2023-11-08T12:00:48","modified_gmt":"2023-11-08T12:00:48","slug":"cookie-politik","status":"publish","type":"page","link":"https:\/\/fabulaliving.dk\/de\/cookie-politik\/","title":{"rendered":"COOKIE EINSTELLUNGEN"},"content":{"rendered":"<div data-elementor-type=\"wp-page\" data-elementor-id=\"1615\" class=\"elementor elementor-1615\" data-elementor-post-type=\"page\">\n\t\t\t\t\t\t\t\t\t<section class=\"elementor-section elementor-top-section elementor-element elementor-element-d1168da elementor-section-boxed elementor-section-height-default elementor-section-height-default\" data-id=\"d1168da\" data-element_type=\"section\">\n\t\t\t\t\t\t<div class=\"elementor-container elementor-column-gap-default\">\n\t\t\t\t\t<div class=\"elementor-column elementor-col-50 elementor-top-column elementor-element elementor-element-f592ce6\" data-id=\"f592ce6\" data-element_type=\"column\">\n\t\t\t<div class=\"elementor-widget-wrap elementor-element-populated\">\n\t\t\t\t\t\t\t\t<div class=\"elementor-element elementor-element-340aab7 elementor-widget elementor-widget-heading\" data-id=\"340aab7\" data-element_type=\"widget\" data-widget_type=\"heading.default\">\n\t\t\t\t<div class=\"elementor-widget-container\">\n\t\t\t<style>\/*! elementor - v3.16.0 - 20-09-2023 *\/\n.elementor-heading-title{padding:0;margin:0;line-height:1}.elementor-widget-heading .elementor-heading-title[class*=elementor-size-]>a{color:inherit;font-size:inherit;line-height:inherit}.elementor-widget-heading .elementor-heading-title.elementor-size-small{font-size:15px}.elementor-widget-heading .elementor-heading-title.elementor-size-medium{font-size:19px}.elementor-widget-heading .elementor-heading-title.elementor-size-large{font-size:29px}.elementor-widget-heading .elementor-heading-title.elementor-size-xl{font-size:39px}.elementor-widget-heading .elementor-heading-title.elementor-size-xxl{font-size:59px}<\/style><h2 class=\"elementor-heading-title elementor-size-default\">Cookiepolitik for Fabula Living ApS<\/h2>\t\t<\/div>\n\t\t\t\t<\/div>\n\t\t\t\t<div class=\"elementor-element elementor-element-0c102b8 elementor-widget elementor-widget-spacer\" data-id=\"0c102b8\" data-element_type=\"widget\" data-widget_type=\"spacer.default\">\n\t\t\t\t<div class=\"elementor-widget-container\">\n\t\t\t<style>\/*! elementor - v3.16.0 - 20-09-2023 *\/\n.elementor-column .elementor-spacer-inner{height:var(--spacer-size)}.e-con{--container-widget-width:100%}.e-con-inner>.elementor-widget-spacer,.e-con>.elementor-widget-spacer{width:var(--container-widget-width,var(--spacer-size));--align-self:var(--container-widget-align-self,initial);--flex-shrink:0}.e-con-inner>.elementor-widget-spacer>.elementor-widget-container,.e-con>.elementor-widget-spacer>.elementor-widget-container{height:100%;width:100%}.e-con-inner>.elementor-widget-spacer>.elementor-widget-container>.elementor-spacer,.e-con>.elementor-widget-spacer>.elementor-widget-container>.elementor-spacer{height:100%}.e-con-inner>.elementor-widget-spacer>.elementor-widget-container>.elementor-spacer>.elementor-spacer-inner,.e-con>.elementor-widget-spacer>.elementor-widget-container>.elementor-spacer>.elementor-spacer-inner{height:var(--container-widget-height,var(--spacer-size))}.e-con-inner>.elementor-widget-spacer.elementor-widget-empty,.e-con>.elementor-widget-spacer.elementor-widget-empty{position:relative;min-height:22px;min-width:22px}.e-con-inner>.elementor-widget-spacer.elementor-widget-empty .elementor-widget-empty-icon,.e-con>.elementor-widget-spacer.elementor-widget-empty .elementor-widget-empty-icon{position:absolute;top:0;bottom:0;left:0;right:0;margin:auto;padding:0;width:22px;height:22px}<\/style>\t\t<div class=\"elementor-spacer\">\n\t\t\t<div class=\"elementor-spacer-inner\"><\/div>\n\t\t<\/div>\n\t\t\t\t<\/div>\n\t\t\t\t<\/div>\n\t\t\t\t<div class=\"elementor-element elementor-element-0c26f29 elementor-widget__width-initial elementor-widget elementor-widget-text-editor\" data-id=\"0c26f29\" data-element_type=\"widget\" data-widget_type=\"text-editor.default\">\n\t\t\t\t<div class=\"elementor-widget-container\">\n\t\t\t<style>\/*! elementor - v3.16.0 - 20-09-2023 *\/\n.elementor-widget-text-editor.elementor-drop-cap-view-stacked .elementor-drop-cap{background-color:#69727d;color:#fff}.elementor-widget-text-editor.elementor-drop-cap-view-framed .elementor-drop-cap{color:#69727d;border:3px solid;background-color:transparent}.elementor-widget-text-editor:not(.elementor-drop-cap-view-default) .elementor-drop-cap{margin-top:8px}.elementor-widget-text-editor:not(.elementor-drop-cap-view-default) .elementor-drop-cap-letter{width:1em;height:1em}.elementor-widget-text-editor .elementor-drop-cap{float:left;text-align:center;line-height:1;font-size:50px}.elementor-widget-text-editor .elementor-drop-cap-letter{display:inline-block}<\/style>\t\t\t\t<p>Denne hjemmeside er drevet og ejet af:<br \/>Fabula Living ApS<br \/>Steuernr. DK51464028<br \/>E-mail: info@fabulaliving.dk<br \/>Telefon: +45 22333966<\/p><p>Hvad er en cookie?<br \/>En cookie er en lille datafil, som vi gemmer p\u00e5 din computer for at kunne holde styr p\u00e5, hvad der sker under dit bes\u00f8g og for at kunne genkende computeren. En cookie er ikke et program og indeholder ikke virus.<\/p><p>Hjemmesidens brug af cookies.<br \/>Fabula Living ApS anvender cookies til f\u00f8lgende overordnede form\u00e5l; funktionalitet, webstatistik samt salg og annoncering. Vi anvender ikke cookies til at gemme eller indsamle personoplysninger. De funktionelle cookies anvender vi for at sikre os, at vores online shop fungerer efter hensigten, hvilket blandt andet omfatter at kunne tilf\u00f8je varer til indk\u00f8bskurven og gennemf\u00f8re en handel. Der gemmes ingen personlige informationer og disse cookies slettes automatisk, n\u00e5r browseren lukkes.<\/p><p>Vi benytter servicen google analytics til at samle webstatistik. Cookies fra denne udbyder giver os mulighed for blandt andet at se, hvilke sider der bliver bes\u00f8gt p\u00e5 sitet, hvor trafikken kommer fra, osv. Informationerne anvender vi til at m\u00e5le og forbedre<\/p>\t\t\t\t\t\t<\/div>\n\t\t\t\t<\/div>\n\t\t\t\t\t<\/div>\n\t\t<\/div>\n\t\t\t\t<div class=\"elementor-column elementor-col-50 elementor-top-column elementor-element elementor-element-aa4d964\" data-id=\"aa4d964\" data-element_type=\"column\">\n\t\t\t<div class=\"elementor-widget-wrap elementor-element-populated\">\n\t\t\t\t\t\t\t\t<div class=\"elementor-element elementor-element-e8cc9e1 elementor-widget__width-initial elementor-widget elementor-widget-text-editor\" data-id=\"e8cc9e1\" data-element_type=\"widget\" data-widget_type=\"text-editor.default\">\n\t\t\t\t<div class=\"elementor-widget-container\">\n\t\t\t\t\t\t\t<p>brugernes oplevelse samt at f\u00f8lge op p\u00e5 salg og annoncekampagner.<\/p><p>Derudover benytter vi samarbejdspartnere, som hj\u00e6lper os med at registrere brugeradf\u00e6rd, l\u00f8nsomhed af online marketing aktiviteter samt at levere m\u00e5lrettede online annoncer, n\u00e5r du bes\u00f8ger andre websites. Disse services anvender til tider tredjepartscookies leveret af vores samarbejdspartnere. Til m\u00e5ling og optimering af salg anvender vi f\u00f8lgende services: google adwords, google analytics. Derudover benytter vi facebook pixel til at m\u00e5le konverteringerne af vores annoncer p\u00e5 facebook.<\/p><p>S\u00e5dan undg\u00e5r du cookies.<br \/>\u00d8nsker du ikke at acceptere cookies, kan brugen afvises ved ikke at tillade cookies eller ved at \u00e6ndre de relevante indstillinger i din browser. Hvordan du \u00e6ndrer indstillingerne i din browser afh\u00e6nger af, hvilken browser du anvender. V\u00e6lger du at indstille din browser, s\u00e5 du ikke modtager cookies, skal du v\u00e6re opm\u00e6rksom p\u00e5, at det kan have betydning for din k\u00f8bsoplevelse i det du kan g\u00e5 glip af funktioner og lignende p\u00e5 hjemmesiden, som i s\u00e5 fald ikke vil fungere.<\/p><p>Sp\u00f8rgsm\u00e5l og kommentarer.<br \/>Har du sp\u00f8rgsm\u00e5l? Har du kommentarer eller sp\u00f8rgsm\u00e5l i forbindelse med vores information og\/eller behandling af personlige oplysninger, er du velkommen til at kontakte os p\u00e5 tlf. 22333966 eller info@fabulaliving.dk<\/p><p><br \/>Cookiepolitikken er senest opdateret d. 11\/10 2018 (version 1).<\/p>\t\t\t\t\t\t<\/div>\n\t\t\t\t<\/div>\n\t\t\t\t\t<\/div>\n\t\t<\/div>\n\t\t\t\t\t\t\t<\/div>\n\t\t<\/section>\n\t\t\t\t\t\t\t<\/div>","protected":false},"excerpt":{"rendered":"<p>Cookiepolitik for Fabula Living ApS Denne hjemmeside er drevet og ejet af:Fabula Living ApSCVR 51464028E-mail: info@fabulaliving.dkTelefon: +45 22333966 Hvad er en cookie?En cookie er en lille datafil, som vi gemmer p\u00e5 din computer for at kunne holde styr p\u00e5, hvad der sker under dit bes\u00f8g og for at kunne genkende computeren. En cookie er ikke [&hellip;]<\/p>","protected":false},"author":1,"featured_media":0,"parent":0,"menu_order":0,"comment_status":"closed","ping_status":"closed","template":"","meta":{"footnotes":""},"class_list":["post-1615","page","type-page","status-publish","hentry"],"acf":[],"_links":{"self":[{"href":"https:\/\/fabulaliving.dk\/de\/wp-json\/wp\/v2\/pages\/1615","targetHints":{"allow":["GET"]}}],"collection":[{"href":"https:\/\/fabulaliving.dk\/de\/wp-json\/wp\/v2\/pages"}],"about":[{"href":"https:\/\/fabulaliving.dk\/de\/wp-json\/wp\/v2\/types\/page"}],"author":[{"embeddable":true,"href":"https:\/\/fabulaliving.dk\/de\/wp-json\/wp\/v2\/users\/1"}],"replies":[{"embeddable":true,"href":"https:\/\/fabulaliving.dk\/de\/wp-json\/wp\/v2\/comments?post=1615"}],"version-history":[{"count":17,"href":"https:\/\/fabulaliving.dk\/de\/wp-json\/wp\/v2\/pages\/1615\/revisions"}],"predecessor-version":[{"id":4076,"href":"https:\/\/fabulaliving.dk\/de\/wp-json\/wp\/v2\/pages\/1615\/revisions\/4076"}],"wp:attachment":[{"href":"https:\/\/fabulaliving.dk\/de\/wp-json\/wp\/v2\/media?parent=1615"}],"curies":[{"name":"wp","href":"https:\/\/api.w.org\/{rel}","templated":true}]}}