{"id":3171,"date":"2023-03-07T10:01:54","date_gmt":"2023-03-07T10:01:54","guid":{"rendered":"https:\/\/fabulaliving.dk\/?page_id=3171"},"modified":"2024-01-17T17:19:18","modified_gmt":"2024-01-17T17:19:18","slug":"size-guide","status":"publish","type":"page","link":"https:\/\/fabulaliving.dk\/de\/size-guide\/","title":{"rendered":"SIZE GUIDE"},"content":{"rendered":"<div data-elementor-type=\"wp-page\" data-elementor-id=\"3171\" class=\"elementor elementor-3171\" data-elementor-post-type=\"page\">\n\t\t\t\t\t\t\t\t\t<section class=\"elementor-section elementor-top-section elementor-element elementor-element-cbcc6e9 elementor-section-boxed elementor-section-height-default elementor-section-height-default\" data-id=\"cbcc6e9\" data-element_type=\"section\">\n\t\t\t\t\t\t<div class=\"elementor-container elementor-column-gap-default\">\n\t\t\t\t\t<div class=\"elementor-column elementor-col-100 elementor-top-column elementor-element elementor-element-b468580\" data-id=\"b468580\" data-element_type=\"column\">\n\t\t\t<div class=\"elementor-widget-wrap elementor-element-populated\">\n\t\t\t\t\t\t\t\t<section class=\"elementor-section elementor-inner-section elementor-element elementor-element-264e14e elementor-section-boxed elementor-section-height-default elementor-section-height-default\" data-id=\"264e14e\" data-element_type=\"section\">\n\t\t\t\t\t\t<div class=\"elementor-container elementor-column-gap-default\">\n\t\t\t\t\t<div class=\"elementor-column elementor-col-50 elementor-inner-column elementor-element elementor-element-f1f99a6\" data-id=\"f1f99a6\" data-element_type=\"column\">\n\t\t\t<div class=\"elementor-widget-wrap elementor-element-populated\">\n\t\t\t\t\t\t\t\t<div class=\"elementor-element elementor-element-44a8218 elementor-widget elementor-widget-heading\" data-id=\"44a8218\" data-element_type=\"widget\" data-widget_type=\"heading.default\">\n\t\t\t\t<div class=\"elementor-widget-container\">\n\t\t\t<style>\/*! elementor - v3.16.0 - 20-09-2023 *\/\n.elementor-heading-title{padding:0;margin:0;line-height:1}.elementor-widget-heading .elementor-heading-title[class*=elementor-size-]>a{color:inherit;font-size:inherit;line-height:inherit}.elementor-widget-heading .elementor-heading-title.elementor-size-small{font-size:15px}.elementor-widget-heading .elementor-heading-title.elementor-size-medium{font-size:19px}.elementor-widget-heading .elementor-heading-title.elementor-size-large{font-size:29px}.elementor-widget-heading .elementor-heading-title.elementor-size-xl{font-size:39px}.elementor-widget-heading .elementor-heading-title.elementor-size-xxl{font-size:59px}<\/style><h2 class=\"elementor-heading-title elementor-size-default\">So w\u00e4hlen Sie die richtige Gr\u00f6\u00dfe f\u00fcr Ihren neuen Teppich<\/h2>\t\t<\/div>\n\t\t\t\t<\/div>\n\t\t\t\t<div class=\"elementor-element elementor-element-4d33551 elementor-widget elementor-widget-spacer\" data-id=\"4d33551\" data-element_type=\"widget\" data-widget_type=\"spacer.default\">\n\t\t\t\t<div class=\"elementor-widget-container\">\n\t\t\t<style>\/*! elementor - v3.16.0 - 20-09-2023 *\/\n.elementor-column .elementor-spacer-inner{height:var(--spacer-size)}.e-con{--container-widget-width:100%}.e-con-inner>.elementor-widget-spacer,.e-con>.elementor-widget-spacer{width:var(--container-widget-width,var(--spacer-size));--align-self:var(--container-widget-align-self,initial);--flex-shrink:0}.e-con-inner>.elementor-widget-spacer>.elementor-widget-container,.e-con>.elementor-widget-spacer>.elementor-widget-container{height:100%;width:100%}.e-con-inner>.elementor-widget-spacer>.elementor-widget-container>.elementor-spacer,.e-con>.elementor-widget-spacer>.elementor-widget-container>.elementor-spacer{height:100%}.e-con-inner>.elementor-widget-spacer>.elementor-widget-container>.elementor-spacer>.elementor-spacer-inner,.e-con>.elementor-widget-spacer>.elementor-widget-container>.elementor-spacer>.elementor-spacer-inner{height:var(--container-widget-height,var(--spacer-size))}.e-con-inner>.elementor-widget-spacer.elementor-widget-empty,.e-con>.elementor-widget-spacer.elementor-widget-empty{position:relative;min-height:22px;min-width:22px}.e-con-inner>.elementor-widget-spacer.elementor-widget-empty .elementor-widget-empty-icon,.e-con>.elementor-widget-spacer.elementor-widget-empty .elementor-widget-empty-icon{position:absolute;top:0;bottom:0;left:0;right:0;margin:auto;padding:0;width:22px;height:22px}<\/style>\t\t<div class=\"elementor-spacer\">\n\t\t\t<div class=\"elementor-spacer-inner\"><\/div>\n\t\t<\/div>\n\t\t\t\t<\/div>\n\t\t\t\t<\/div>\n\t\t\t\t<div class=\"elementor-element elementor-element-f1ca67a elementor-widget elementor-widget-text-editor\" data-id=\"f1ca67a\" data-element_type=\"widget\" data-widget_type=\"text-editor.default\">\n\t\t\t\t<div class=\"elementor-widget-container\">\n\t\t\t<style>\/*! elementor - v3.16.0 - 20-09-2023 *\/\n.elementor-widget-text-editor.elementor-drop-cap-view-stacked .elementor-drop-cap{background-color:#69727d;color:#fff}.elementor-widget-text-editor.elementor-drop-cap-view-framed .elementor-drop-cap{color:#69727d;border:3px solid;background-color:transparent}.elementor-widget-text-editor:not(.elementor-drop-cap-view-default) .elementor-drop-cap{margin-top:8px}.elementor-widget-text-editor:not(.elementor-drop-cap-view-default) .elementor-drop-cap-letter{width:1em;height:1em}.elementor-widget-text-editor .elementor-drop-cap{float:left;text-align:center;line-height:1;font-size:50px}.elementor-widget-text-editor .elementor-drop-cap-letter{display:inline-block}<\/style>\t\t\t\t<p>Die Aufgabe, den perfekten Teppich auszuw\u00e4hlen, kann verwirrend sein, und viele neigen dazu, sich f\u00fcr einen zu kleinen Teppich zu entscheiden. Kompromisse in der Gr\u00f6\u00dfe k\u00f6nnen einen Raum kleiner, unordentlicher und beengter erscheinen lassen.<BR> W\u00e4hlen Sie als Faustregel einen gr\u00f6\u00dferen Teppich, als Sie spontan nehmen m\u00f6chten. Ein bequemer gro\u00dfer Teppich l\u00e4sst einen Raum gr\u00f6\u00dfer und eleganter aussehen.<\/p><p>\u00a0<\/p><p><strong>Couch-Ecke<\/strong><\/p><p>Ein Teppich ist wie eine Insel und bringt Ordnung in einen Raum. Schaffen Sie den richtigen Stil und die richtige Stimmung im Wohnzimmer, indem Sie folgende Tipps befolgen:<\/p><p>W\u00e4hlen Sie einen Teppich, der einen Gro\u00dfteil des Bodens um das Sofa herum bedeckt. Stellen Sie sicher, dass der Teppich mindestens 30 cm nach beiden Seiten und bis zur H\u00e4lfte des Sofas reicht.<\/p><p>\u00a0<\/p>\t\t\t\t\t\t<\/div>\n\t\t\t\t<\/div>\n\t\t\t\t<div class=\"elementor-element elementor-element-d024c9a elementor-widget elementor-widget-image\" data-id=\"d024c9a\" data-element_type=\"widget\" data-widget_type=\"image.default\">\n\t\t\t\t<div class=\"elementor-widget-container\">\n\t\t\t<style>\/*! elementor - v3.16.0 - 20-09-2023 *\/\n.elementor-widget-image{text-align:center}.elementor-widget-image a{display:inline-block}.elementor-widget-image a img[src$=\".svg\"]{width:48px}.elementor-widget-image img{vertical-align:middle;display:inline-block}<\/style>\t\t\t\t\t\t\t\t\t\t\t\t\t<a href=\"http:\/\/fabulaliving.dk.linux228.unoeuro-server.com\/product\/calla\/\">\n\t\t\t\t\t\t\t<img loading=\"lazy\" decoding=\"async\" width=\"796\" height=\"1024\" src=\"https:\/\/fabulaliving.dk\/wp-content\/uploads\/2022\/12\/fabula_calla_rug_wool_viscose_beige_midnight_blue_1229_a1_300dpi_medium-796x1024.jpg\" class=\"attachment-large size-large wp-image-2830\" alt=\"\" srcset=\"https:\/\/fabulaliving.dk\/wp-content\/uploads\/2022\/12\/fabula_calla_rug_wool_viscose_beige_midnight_blue_1229_a1_300dpi_medium-796x1024.jpg 796w, https:\/\/fabulaliving.dk\/wp-content\/uploads\/2022\/12\/fabula_calla_rug_wool_viscose_beige_midnight_blue_1229_a1_300dpi_medium-233x300.jpg 233w, https:\/\/fabulaliving.dk\/wp-content\/uploads\/2022\/12\/fabula_calla_rug_wool_viscose_beige_midnight_blue_1229_a1_300dpi_medium-768x988.jpg 768w, https:\/\/fabulaliving.dk\/wp-content\/uploads\/2022\/12\/fabula_calla_rug_wool_viscose_beige_midnight_blue_1229_a1_300dpi_medium-600x772.jpg 600w, https:\/\/fabulaliving.dk\/wp-content\/uploads\/2022\/12\/fabula_calla_rug_wool_viscose_beige_midnight_blue_1229_a1_300dpi_medium.jpg 933w\" sizes=\"auto, (max-width: 796px) 100vw, 796px\" \/>\t\t\t\t\t\t\t\t<\/a>\n\t\t\t\t\t\t\t\t\t\t\t\t\t\t\t<\/div>\n\t\t\t\t<\/div>\n\t\t\t\t\t<\/div>\n\t\t<\/div>\n\t\t\t\t<div class=\"elementor-column elementor-col-50 elementor-inner-column elementor-element elementor-element-2be9245\" data-id=\"2be9245\" data-element_type=\"column\">\n\t\t\t<div class=\"elementor-widget-wrap elementor-element-populated\">\n\t\t\t\t\t\t\t\t<div class=\"elementor-element elementor-element-9dcc9c1 elementor-widget elementor-widget-image\" data-id=\"9dcc9c1\" data-element_type=\"widget\" data-widget_type=\"image.default\">\n\t\t\t\t<div class=\"elementor-widget-container\">\n\t\t\t\t\t\t\t\t\t\t\t\t\t\t\t\t<a href=\"http:\/\/fabulaliving.dk.linux228.unoeuro-server.com\/product\/loke\/\">\n\t\t\t\t\t\t\t<img loading=\"lazy\" decoding=\"async\" width=\"800\" height=\"540\" src=\"https:\/\/fabulaliving.dk\/wp-content\/uploads\/2024\/01\/Str_Guide_2a-1024x691.jpg\" class=\"attachment-large size-large wp-image-5132\" alt=\"\" srcset=\"https:\/\/fabulaliving.dk\/wp-content\/uploads\/2024\/01\/Str_Guide_2a-1024x691.jpg 1024w, https:\/\/fabulaliving.dk\/wp-content\/uploads\/2024\/01\/Str_Guide_2a-300x202.jpg 300w, https:\/\/fabulaliving.dk\/wp-content\/uploads\/2024\/01\/Str_Guide_2a-768x518.jpg 768w, https:\/\/fabulaliving.dk\/wp-content\/uploads\/2024\/01\/Str_Guide_2a-1536x1036.jpg 1536w, https:\/\/fabulaliving.dk\/wp-content\/uploads\/2024\/01\/Str_Guide_2a-2048x1382.jpg 2048w, https:\/\/fabulaliving.dk\/wp-content\/uploads\/2024\/01\/Str_Guide_2a-18x12.jpg 18w, https:\/\/fabulaliving.dk\/wp-content\/uploads\/2024\/01\/Str_Guide_2a-600x405.jpg 600w, https:\/\/fabulaliving.dk\/wp-content\/uploads\/2024\/01\/Str_Guide_2a-64x43.jpg 64w\" sizes=\"auto, (max-width: 800px) 100vw, 800px\" \/>\t\t\t\t\t\t\t\t<\/a>\n\t\t\t\t\t\t\t\t\t\t\t\t\t\t\t<\/div>\n\t\t\t\t<\/div>\n\t\t\t\t<div class=\"elementor-element elementor-element-368b77f elementor-widget elementor-widget-spacer\" data-id=\"368b77f\" data-element_type=\"widget\" data-widget_type=\"spacer.default\">\n\t\t\t\t<div class=\"elementor-widget-container\">\n\t\t\t\t\t<div class=\"elementor-spacer\">\n\t\t\t<div class=\"elementor-spacer-inner\"><\/div>\n\t\t<\/div>\n\t\t\t\t<\/div>\n\t\t\t\t<\/div>\n\t\t\t\t<div class=\"elementor-element elementor-element-a9c3124 elementor-widget elementor-widget-text-editor\" data-id=\"a9c3124\" data-element_type=\"widget\" data-widget_type=\"text-editor.default\">\n\t\t\t\t<div class=\"elementor-widget-container\">\n\t\t\t\t\t\t\t<p>Schwere Sessel sollten vollst\u00e4ndig auf den Teppich gestellt werden oder auf dem Boden stehen und mit der Teppichkante ausgerichtet werden.<\/p><p>W\u00e4hlen Sie keinen Teppich, der lediglich den Kaffeetisch unterlegt, und sorgen Sie f\u00fcr einen sauberen Look, indem Sie Beistelltische entweder auf den Teppich oder entlang der Kante stellen. Leichtere Sessel k\u00f6nnen etwas freier verteilt und teilweise auf dem Teppich stehen.<\/p><p>W\u00e4hlen Sie einen beschwingteren, l\u00e4ssigeren und moderneren Look und platzieren Sie den Teppich diagonal und teilweise unter dem Sofa und anderen M\u00f6beln.<\/p><p><strong>Esszimmer<\/strong><\/p><p>Wenn es um einen Teppich unter dem Esstisch geht, ist die Funktion mindestens so wichtig wie der Stil. Wenn der Teppich zu klein ist, klammern sich die Beine des Stuhls an die Kante und der Teppich w\u00f6lbt sich. Rechnen Sie immer mit zus\u00e4tzlichen 65 cm, damit Sie die St\u00fchle herausziehen k\u00f6nnen.\u00a0<\/p><p><strong>Schlafzimmer<\/strong><\/p><p>Im Schlafzimmer ist ein Teppich ein wesentlicher Bestandteil der gem\u00fctlichen und ruhigen Atmosph\u00e4re, und es gibt verschiedene M\u00f6glichkeiten, mit dem Teppich spielerisch umzugehen.<\/p><p>Schaffen Sie einen klassischen Look, indem Sie das Bett und die Beistelltische auf den Teppich stellen. W\u00e4hlen Sie einen gro\u00dfen Teppich, der genug Platz f\u00fcr beide Seiten des Bettes bietet. Es ergibt einen ruhigen Anblick und etwas Weiches, auf das man treten kann.<\/p><p>Schaffen Sie einen moderneren Look, indem Sie den Teppich unter das halbe Bett legen. Stellen Sie die Symmetrie so ein, dass der Teppich bis zu den Seiten und bis zum Fu\u00dfende des Bettes reicht.<\/p>\t\t\t\t\t\t<\/div>\n\t\t\t\t<\/div>\n\t\t\t\t\t<\/div>\n\t\t<\/div>\n\t\t\t\t\t\t\t<\/div>\n\t\t<\/section>\n\t\t\t\t\t<\/div>\n\t\t<\/div>\n\t\t\t\t\t\t\t<\/div>\n\t\t<\/section>\n\t\t\t\t\t\t\t<\/div>","protected":false},"excerpt":{"rendered":"<p>\/*! elementor &#8211; v3.16.0 &#8211; 20-09-2023 *\/ .elementor-heading-title{padding:0;margin:0;line-height:1}.elementor-widget-heading .elementor-heading-title[class*=elementor-size-]&gt;a{color:inherit;font-size:inherit;line-height:inherit}.elementor-widget-heading .elementor-heading-title.elementor-size-small{font-size:15px}.elementor-widget-heading .elementor-heading-title.elementor-size-medium{font-size:19px}.elementor-widget-heading .elementor-heading-title.elementor-size-large{font-size:29px}.elementor-widget-heading .elementor-heading-title.elementor-size-xl{font-size:39px}.elementor-widget-heading .elementor-heading-title.elementor-size-xxl{font-size:59px} S\u00e5dan v\u00e6lger du den rigtige st\u00f8rrelse p\u00e5 dit t\u00e6ppe \/*! elementor &#8211; v3.16.0 &#8211; 20-09-2023 *\/ .elementor-column .elementor-spacer-inner{height:var(&#8211;spacer-size)}.e-con{&#8211;container-widget-width:100%}.e-con-inner&gt;.elementor-widget-spacer,.e-con&gt;.elementor-widget-spacer{width:var(&#8211;container-widget-width,var(&#8211;spacer-size));&#8211;align-self:var(&#8211;container-widget-align-self,initial);&#8211;flex-shrink:0}.e-con-inner&gt;.elementor-widget-spacer&gt;.elementor-widget-container,.e-con&gt;.elementor-widget-spacer&gt;.elementor-widget-container{height:100%;width:100%}.e-con-inner&gt;.elementor-widget-spacer&gt;.elementor-widget-container&gt;.elementor-spacer,.e-con&gt;.elementor-widget-spacer&gt;.elementor-widget-container&gt;.elementor-spacer{height:100%}.e-con-inner&gt;.elementor-widget-spacer&gt;.elementor-widget-container&gt;.elementor-spacer&gt;.elementor-spacer-inner,.e-con&gt;.elementor-widget-spacer&gt;.elementor-widget-container&gt;.elementor-spacer&gt;.elementor-spacer-inner{height:var(&#8211;container-widget-height,var(&#8211;spacer-size))}.e-con-inner&gt;.elementor-widget-spacer.elementor-widget-empty,.e-con&gt;.elementor-widget-spacer.elementor-widget-empty{position:relative;min-height:22px;min-width:22px}.e-con-inner&gt;.elementor-widget-spacer.elementor-widget-empty .elementor-widget-empty-icon,.e-con&gt;.elementor-widget-spacer.elementor-widget-empty .elementor-widget-empty-icon{position:absolute;top:0;bottom:0;left:0;right:0;margin:auto;padding:0;width:22px;height:22px} At v\u00e6lge det perfekte t\u00e6ppe kan v\u00e6re forvirrende, og mange har en tendens til at v\u00e6lge et t\u00e6ppe, der er for [&hellip;]<\/p>","protected":false},"author":1,"featured_media":0,"parent":0,"menu_order":0,"comment_status":"closed","ping_status":"closed","template":"","meta":{"footnotes":""},"class_list":["post-3171","page","type-page","status-publish","hentry"],"acf":[],"_links":{"self":[{"href":"https:\/\/fabulaliving.dk\/de\/wp-json\/wp\/v2\/pages\/3171","targetHints":{"allow":["GET"]}}],"collection":[{"href":"https:\/\/fabulaliving.dk\/de\/wp-json\/wp\/v2\/pages"}],"about":[{"href":"https:\/\/fabulaliving.dk\/de\/wp-json\/wp\/v2\/types\/page"}],"author":[{"embeddable":true,"href":"https:\/\/fabulaliving.dk\/de\/wp-json\/wp\/v2\/users\/1"}],"replies":[{"embeddable":true,"href":"https:\/\/fabulaliving.dk\/de\/wp-json\/wp\/v2\/comments?post=3171"}],"version-history":[{"count":15,"href":"https:\/\/fabulaliving.dk\/de\/wp-json\/wp\/v2\/pages\/3171\/revisions"}],"predecessor-version":[{"id":5141,"href":"https:\/\/fabulaliving.dk\/de\/wp-json\/wp\/v2\/pages\/3171\/revisions\/5141"}],"wp:attachment":[{"href":"https:\/\/fabulaliving.dk\/de\/wp-json\/wp\/v2\/media?parent=3171"}],"curies":[{"name":"wp","href":"https:\/\/api.w.org\/{rel}","templated":true}]}}