{"id":1984,"date":"2022-12-29T10:55:19","date_gmt":"2022-12-29T10:55:19","guid":{"rendered":"https:\/\/fabulaliving.dk\/?post_type=product&#038;p=1984"},"modified":"2024-12-09T18:30:51","modified_gmt":"2024-12-09T18:30:51","slug":"camelia","status":"publish","type":"product","link":"https:\/\/fabulaliving.dk\/de\/product\/camelia\/","title":{"rendered":"Camelia"},"content":{"rendered":"<p class=\"BodyA\">Ein atemberaubendes Design und eine elegante Erg\u00e4nzung in den meisten Umgebungen. Mit dem asymmetrischen Quadratmuster erf\u00fcllt dieser Twill-Teppich aus neuseel\u00e4ndischer Wolle und Leinen einen Raum mit einem kreativen grafischen Muster und dunklen, atemberaubenden Farben. Diese Wirkung entfaltet der Teppich dank der dicken Qualit\u00e4t der Wolle und der verfeinerten Tiefe des Leinens. Die Modelle \u201ePrimula\u201c und \u201eSalvia\u201c werden in derselben Qualit\u00e4t geliefert.<\/p>","protected":false},"excerpt":{"rendered":"<p>Smuk i sig selv og et stilfuldt bidrag i de fleste indretninger. Med det asymmetriske kvadratiske m\u00f8nster fylder dette twillv\u00e6vede t\u00e6ppe i newzealandsk uld og h\u00f8r et rum med et kreativt grafiske linjer og dybe, flotte farver. Twill-v\u00e6vningen med uld og h\u00f8r giver en raffineret n\u00e6sten tredimensionel dybde. Primula og Salvia t\u00e6pperne kommer i samme [&hellip;]<\/p>","protected":false},"featured_media":2366,"template":"","meta":[],"product_cat":[61],"product_tag":[60,39],"class_list":["post-1984","product","type-product","status-publish","has-post-thumbnail","hentry","product_cat-kelim-2","product_tag-haandvaevet","product_tag-kelim","pa_farve-0000-multifarvet"],"acf":[],"_links":{"self":[{"href":"https:\/\/fabulaliving.dk\/de\/wp-json\/wp\/v2\/product\/1984","targetHints":{"allow":["GET"]}}],"collection":[{"href":"https:\/\/fabulaliving.dk\/de\/wp-json\/wp\/v2\/product"}],"about":[{"href":"https:\/\/fabulaliving.dk\/de\/wp-json\/wp\/v2\/types\/product"}],"wp:featuredmedia":[{"embeddable":true,"href":"https:\/\/fabulaliving.dk\/de\/wp-json\/wp\/v2\/media\/2366"}],"wp:attachment":[{"href":"https:\/\/fabulaliving.dk\/de\/wp-json\/wp\/v2\/media?parent=1984"}],"wp:term":[{"taxonomy":"product_cat","embeddable":true,"href":"https:\/\/fabulaliving.dk\/de\/wp-json\/wp\/v2\/product_cat?post=1984"},{"taxonomy":"product_tag","embeddable":true,"href":"https:\/\/fabulaliving.dk\/de\/wp-json\/wp\/v2\/product_tag?post=1984"}],"curies":[{"name":"wp","href":"https:\/\/api.w.org\/{rel}","templated":true}]}}