{"id":2096,"date":"2022-12-29T11:01:33","date_gmt":"2022-12-29T11:01:33","guid":{"rendered":"https:\/\/fabulaliving.dk\/product\/calla\/"},"modified":"2024-01-30T12:35:29","modified_gmt":"2024-01-30T12:35:29","slug":"calla","status":"publish","type":"product","link":"https:\/\/fabulaliving.dk\/de\/product\/calla\/","title":{"rendered":"Calla"},"content":{"rendered":"<p>Calla ist ein hochwertiger und zugleich hochmoderner handgewebter Teppich, der Funktion und \u00c4sthetik auf wundervolle Weise in Einklang bringt. Der silbrig wirkende Glanz sorgf\u00e4ltig aufeinander abgestimmter Farben verleiht dem lebendigen Muster eine ruhige Ausstrahlung f\u00fcr zeitlose elegante Wohn-und  Schlafzimmer.<\/p>","protected":false},"excerpt":{"rendered":"<p>Calla er et lidt fornemt og alligevel ultramoderne h\u00e5ndv\u00e6vet luvt\u00e6ppe, der smukt balancerer mellem funktion og \u00e6stetik. Det glansfulde spil er inspireret af \u00e6gtet\u00e6pper og afstemt med h\u00f8j uldkvalitet og n\u00f8je tilpassede farver, s\u00e5 det virker roligt trods et livligt m\u00f8nster. Med et midnatsbl\u00e5 og beige, der n\u00e6rmest virker s\u00f8lvfarvet, tilf\u00f8jer t\u00e6ppet tidl\u00f8s elegance til [&hellip;]<\/p>","protected":false},"featured_media":2830,"template":"","meta":[],"product_cat":[77,79,37],"product_tag":[60,78],"class_list":["post-2096","product","type-product","status-publish","has-post-thumbnail","hentry","product_cat-haandvaevet","product_cat-luv","product_cat-teapper","product_tag-haandvaevet","product_tag-luv","pa_farve-1016-hvid-graa-3","pa_farve-1229-beige-midnatsblaa","pa_farve-1512-sort-beige","pa_farve-1615-graa-sort"],"acf":[],"_links":{"self":[{"href":"https:\/\/fabulaliving.dk\/de\/wp-json\/wp\/v2\/product\/2096","targetHints":{"allow":["GET"]}}],"collection":[{"href":"https:\/\/fabulaliving.dk\/de\/wp-json\/wp\/v2\/product"}],"about":[{"href":"https:\/\/fabulaliving.dk\/de\/wp-json\/wp\/v2\/types\/product"}],"wp:featuredmedia":[{"embeddable":true,"href":"https:\/\/fabulaliving.dk\/de\/wp-json\/wp\/v2\/media\/2830"}],"wp:attachment":[{"href":"https:\/\/fabulaliving.dk\/de\/wp-json\/wp\/v2\/media?parent=2096"}],"wp:term":[{"taxonomy":"product_cat","embeddable":true,"href":"https:\/\/fabulaliving.dk\/de\/wp-json\/wp\/v2\/product_cat?post=2096"},{"taxonomy":"product_tag","embeddable":true,"href":"https:\/\/fabulaliving.dk\/de\/wp-json\/wp\/v2\/product_tag?post=2096"}],"curies":[{"name":"wp","href":"https:\/\/api.w.org\/{rel}","templated":true}]}}