{"id":2108,"date":"2022-12-29T11:04:12","date_gmt":"2022-12-29T11:04:12","guid":{"rendered":"https:\/\/fabulaliving.dk\/?post_type=product&#038;p=2108"},"modified":"2024-02-20T13:43:07","modified_gmt":"2024-02-20T13:43:07","slug":"rune","status":"publish","type":"product","link":"https:\/\/fabulaliving.dk\/de\/product\/rune\/","title":{"rendered":"Rune"},"content":{"rendered":"<p class=\" translation-block\">Dieser handgewebte Teppich aus hochwertiger Wolle in sch\u00f6nem Indigo, Grau und Tannengr\u00fcn mit leichtem Goldschimmer, vermittelt nat\u00fcrliche, schlichte Eleganz. Ein aus drei Wollf\u00e4den speziell von Hand versponnenes Garn, ergibt in Kombination mit der au\u00dferordentlich komplizierten Webtechnik, das auff\u00e4llig unauff\u00e4llige Rautenmuster. Das ist gro\u00dfe Handwebkunst in dezenter Art und Weise.<\/p>","protected":false},"excerpt":{"rendered":"<p class=\" translation-block\">Dieser handgewebte Teppich aus hochwertiger Wolle in sch\u00f6nem Indigo, Grau und Tannengr\u00fcn mit leichtem Goldschimmer, vermittelt nat\u00fcrliche, schlichte Eleganz. Ein aus drei Wollf\u00e4den speziell von Hand versponnenes Garn, ergibt in Kombination mit der au\u00dferordentlich komplizierten Webtechnik, das auff\u00e4llig unauff\u00e4llige Rautenmuster. Das ist gro\u00dfe Handwebkunst in dezenter Art und Weise.<\/p>","protected":false},"featured_media":2845,"template":"","meta":[],"product_cat":[77,61,38,37],"product_tag":[60,39],"class_list":["post-2108","product","type-product","status-publish","has-post-thumbnail","hentry","product_cat-haandvaevet","product_cat-kelim-2","product_cat-kelim","product_cat-teapper","product_tag-haandvaevet","product_tag-kelim","pa_farve-1616-graa","pa_farve-1717-indigo","pa_farve-1818-forrest"],"acf":[],"_links":{"self":[{"href":"https:\/\/fabulaliving.dk\/de\/wp-json\/wp\/v2\/product\/2108","targetHints":{"allow":["GET"]}}],"collection":[{"href":"https:\/\/fabulaliving.dk\/de\/wp-json\/wp\/v2\/product"}],"about":[{"href":"https:\/\/fabulaliving.dk\/de\/wp-json\/wp\/v2\/types\/product"}],"wp:featuredmedia":[{"embeddable":true,"href":"https:\/\/fabulaliving.dk\/de\/wp-json\/wp\/v2\/media\/2845"}],"wp:attachment":[{"href":"https:\/\/fabulaliving.dk\/de\/wp-json\/wp\/v2\/media?parent=2108"}],"wp:term":[{"taxonomy":"product_cat","embeddable":true,"href":"https:\/\/fabulaliving.dk\/de\/wp-json\/wp\/v2\/product_cat?post=2108"},{"taxonomy":"product_tag","embeddable":true,"href":"https:\/\/fabulaliving.dk\/de\/wp-json\/wp\/v2\/product_tag?post=2108"}],"curies":[{"name":"wp","href":"https:\/\/api.w.org\/{rel}","templated":true}]}}