{"id":2148,"date":"2022-12-29T11:07:35","date_gmt":"2022-12-29T11:07:35","guid":{"rendered":"https:\/\/fabulaliving.dk\/?post_type=product&#038;p=2148"},"modified":"2024-01-30T12:32:55","modified_gmt":"2024-01-30T12:32:55","slug":"humle","status":"publish","type":"product","link":"https:\/\/fabulaliving.dk\/de\/product\/humle\/","title":{"rendered":"Humle"},"content":{"rendered":"<p>Humle ist ein wundersch\u00f6ner, reiner Teppich aus nat\u00fcrlicher Rohwolle mit einem dezenten Schachbrettmuster. Je nach Lichteinfall und Blickwinkel spielt das Muster zwischen angedeuteten und subtilen Streifen. Wie bei unserem Design Rolf, erm\u00f6glicht die ungef\u00e4rbte Wolle ein nat\u00fcrliches Zusammenspiel mit vier verschiedenen Farbkombinationen, einem helleren und einem dunkleren Farbton - perfekt, um einen Raum aufzuhellen oder eine gem\u00fctliche Basis zu schaffen.<\/p>","protected":false},"excerpt":{"rendered":"<p>Humle er lavet udelukkende i ren naturuld og er et smukt, enkelt t\u00e6ppe v\u00e6vet i et diskret, ternet m\u00f8nster. Afh\u00e6ngigt af lyset og vinklen changerer m\u00f8nsteret og skifter mellem antydninger og lidt tydeligere striber. Ligesom Rolf-designet er ulden ikke indfarvet, og det giver derfor et naturligt spil i de fire forskellige farvekombinationer, lysere og m\u00f8rkere [&hellip;]<\/p>","protected":false},"featured_media":2857,"template":"","meta":[],"product_cat":[77,61,38,37],"product_tag":[60,39],"class_list":["post-2148","product","type-product","status-publish","has-post-thumbnail","hentry","product_cat-haandvaevet","product_cat-kelim-2","product_cat-kelim","product_cat-teapper","product_tag-haandvaevet","product_tag-kelim","pa_farve-1614-graa-koksgraa","pa_farve-1615-graa-sort","pa_farve-2511-natur-off-white","pa_farve-2710-lysegraa-hvid"],"acf":[],"_links":{"self":[{"href":"https:\/\/fabulaliving.dk\/de\/wp-json\/wp\/v2\/product\/2148","targetHints":{"allow":["GET"]}}],"collection":[{"href":"https:\/\/fabulaliving.dk\/de\/wp-json\/wp\/v2\/product"}],"about":[{"href":"https:\/\/fabulaliving.dk\/de\/wp-json\/wp\/v2\/types\/product"}],"wp:featuredmedia":[{"embeddable":true,"href":"https:\/\/fabulaliving.dk\/de\/wp-json\/wp\/v2\/media\/2857"}],"wp:attachment":[{"href":"https:\/\/fabulaliving.dk\/de\/wp-json\/wp\/v2\/media?parent=2148"}],"wp:term":[{"taxonomy":"product_cat","embeddable":true,"href":"https:\/\/fabulaliving.dk\/de\/wp-json\/wp\/v2\/product_cat?post=2148"},{"taxonomy":"product_tag","embeddable":true,"href":"https:\/\/fabulaliving.dk\/de\/wp-json\/wp\/v2\/product_tag?post=2148"}],"curies":[{"name":"wp","href":"https:\/\/api.w.org\/{rel}","templated":true}]}}