{"id":2263,"date":"2022-12-29T12:39:12","date_gmt":"2022-12-29T12:39:12","guid":{"rendered":"https:\/\/fabulaliving.dk\/product\/svaneke\/"},"modified":"2024-03-07T12:02:20","modified_gmt":"2024-03-07T12:02:20","slug":"svaneke","status":"publish","type":"product","link":"https:\/\/fabulaliving.dk\/de\/product\/svaneke\/","title":{"rendered":"Svaneke"},"content":{"rendered":"<p>En l\u00f8ber er som en forfriskende brise i et hjem.<\/p>\n<p>Ligesom det ofte er de enkle ting i livet, der g\u00f8r os glade, kan et mindre t\u00e6ppe let som ingenting \u00e6ndre stemningen i et rum fra en bl\u00f8d, beroligende fornemmelse til et varmt strejf af farver. Med en l\u00f8ber er det b\u00e5de nemt, fleksibelt og \u00f8konomisk overkommeligt at skabe nyt liv og skifte stil i et hjem.<br \/>\nMit unserer wachsenden Kollektion von L\u00e4ufern, bieten wir unz\u00e4hlige M\u00f6glichkeiten, mit zeitlosen Streifen in einer Vielzahl von staubigen Rosa-, Rot- und Br\u00e4nden Farben, tiefen, warmen Anthrazitgrau-T\u00f6nen, Schattierungen von Blau und Gr\u00fcn, Erdt\u00f6nen und sanften Nuancen, wie dem Farbspiel an einem Strand, einzurichten.<br \/>\nSom naturens uperfekte sk\u00f8nhed er alle vores farver m\u00e6ttede og d\u00e6mpede, hvilket g\u00f8r, at de forskellige t\u00e6pper komplementerer hinanden perfekt. L\u00f8berne kommer i samme h\u00f8je kvalitet som resten af vores kollektion og kan bruges og genbruges i k\u00f8kkenet, gangen, b\u00f8rnev\u00e6relset, sovev\u00e6relset, kontoret, sommerhuset og alle steder, der tr\u00e6nger til en moderne opdatering, et \u00e6stetisk l\u00f8ft, en ny stemning og lige det der ekstra pift.<\/p>","protected":false},"excerpt":{"rendered":"<p>En l\u00f8ber er som en forfriskende brise i et hjem. Ligesom det ofte er de enkle ting i livet, der g\u00f8r os glade, kan et mindre t\u00e6ppe let som ingenting \u00e6ndre stemningen i et rum fra en bl\u00f8d, beroligende fornemmelse til et varmt strejf af farver. Med en l\u00f8ber er det b\u00e5de nemt, fleksibelt og [&hellip;]<\/p>","protected":false},"featured_media":2879,"template":"","meta":[],"product_cat":[77,61,38,24,37],"product_tag":[60,39],"class_list":["post-2263","product","type-product","status-publish","has-post-thumbnail","hentry","product_cat-haandvaevet","product_cat-kelim-2","product_cat-kelim","product_cat-loebere","product_cat-teapper","product_tag-haandvaevet","product_tag-kelim","pa_farve-0000-multifarvet"],"acf":[],"_links":{"self":[{"href":"https:\/\/fabulaliving.dk\/de\/wp-json\/wp\/v2\/product\/2263","targetHints":{"allow":["GET"]}}],"collection":[{"href":"https:\/\/fabulaliving.dk\/de\/wp-json\/wp\/v2\/product"}],"about":[{"href":"https:\/\/fabulaliving.dk\/de\/wp-json\/wp\/v2\/types\/product"}],"wp:featuredmedia":[{"embeddable":true,"href":"https:\/\/fabulaliving.dk\/de\/wp-json\/wp\/v2\/media\/2879"}],"wp:attachment":[{"href":"https:\/\/fabulaliving.dk\/de\/wp-json\/wp\/v2\/media?parent=2263"}],"wp:term":[{"taxonomy":"product_cat","embeddable":true,"href":"https:\/\/fabulaliving.dk\/de\/wp-json\/wp\/v2\/product_cat?post=2263"},{"taxonomy":"product_tag","embeddable":true,"href":"https:\/\/fabulaliving.dk\/de\/wp-json\/wp\/v2\/product_tag?post=2263"}],"curies":[{"name":"wp","href":"https:\/\/api.w.org\/{rel}","templated":true}]}}