{"id":4754,"date":"2024-01-15T10:44:20","date_gmt":"2024-01-15T10:44:20","guid":{"rendered":"https:\/\/fabulaliving.dk\/?post_type=product&#038;p=4754"},"modified":"2026-04-07T19:41:20","modified_gmt":"2026-04-07T19:41:20","slug":"hugin","status":"publish","type":"product","link":"https:\/\/fabulaliving.dk\/de\/product\/hugin\/","title":{"rendered":"Hugin"},"content":{"rendered":"<p>Anhand seiner perfekten Kombination von hoher Qualit\u00e4t und schlichtem Stil kann Hugin eine Terrasse oder einen Balkon in ein gem\u00fctliches Wohnzimmer im Freien verwandeln. Der Teppich ist in einer Palette nat\u00fcrlicher Farben erh\u00e4ltlich und aus einer fortschrittlichen Kunstfasermischung handgewebt, was einen sehr haltbaren Teppich ergibt, der gegen Regen und Sonne best\u00e4ndig ist. Hugin hat eine etwas feinere Oberfl\u00e4che als bei dem etwas gr\u00f6beren, designverwandten Munin. Au\u00dferdem hat er ein dezentes zweifarbiges Muster. Das Design vermittelt eine entspannte Atmosph\u00e4re und pr\u00e4gt ein Gew\u00e4chshaus oder einen Wintergarten, und er ist auch ein stilvoller Teppich in einer K\u00fcche oder einem Esszimmer.<\/p>","protected":false},"excerpt":{"rendered":"<p>Med det perfekte miks af h\u00f8j kvalitet og enkel stil kan Hugin forvandle en terrasse eller altan til en hyggelig udend\u00f8rsstue. T\u00e6ppet kommer i en vifte af naturlige nuancer og er h\u00e5ndv\u00e6vet i en avanceret blanding af kunstfibre, som giver et meget holdbart t\u00e6ppe, der kan modst\u00e5 b\u00e5de regn og sol. Hugin er smule finere [&hellip;]<\/p>","protected":false},"featured_media":4781,"template":"","meta":[],"product_cat":[77,37],"product_tag":[60],"class_list":["post-4754","product","type-product","status-publish","has-post-thumbnail","hentry","product_cat-haandvaevet","product_cat-teapper","product_tag-haandvaevet","pa_farve-1516-sort-graa","pa_farve-1518-black-forest","pa_farve-1548-black-olive"],"acf":[],"_links":{"self":[{"href":"https:\/\/fabulaliving.dk\/de\/wp-json\/wp\/v2\/product\/4754","targetHints":{"allow":["GET"]}}],"collection":[{"href":"https:\/\/fabulaliving.dk\/de\/wp-json\/wp\/v2\/product"}],"about":[{"href":"https:\/\/fabulaliving.dk\/de\/wp-json\/wp\/v2\/types\/product"}],"wp:featuredmedia":[{"embeddable":true,"href":"https:\/\/fabulaliving.dk\/de\/wp-json\/wp\/v2\/media\/4781"}],"wp:attachment":[{"href":"https:\/\/fabulaliving.dk\/de\/wp-json\/wp\/v2\/media?parent=4754"}],"wp:term":[{"taxonomy":"product_cat","embeddable":true,"href":"https:\/\/fabulaliving.dk\/de\/wp-json\/wp\/v2\/product_cat?post=4754"},{"taxonomy":"product_tag","embeddable":true,"href":"https:\/\/fabulaliving.dk\/de\/wp-json\/wp\/v2\/product_tag?post=4754"}],"curies":[{"name":"wp","href":"https:\/\/api.w.org\/{rel}","templated":true}]}}