{"id":4764,"date":"2024-01-15T11:02:18","date_gmt":"2024-01-15T11:02:18","guid":{"rendered":"https:\/\/fabulaliving.dk\/?post_type=product&#038;p=4764"},"modified":"2025-04-02T10:48:17","modified_gmt":"2025-04-02T10:48:17","slug":"ulmus","status":"publish","type":"product","link":"https:\/\/fabulaliving.dk\/de\/product\/ulmus\/","title":{"rendered":"Ulmus"},"content":{"rendered":"<p>Das Modell \u201eUlmus\u201c mit seinen grauen Farbt\u00f6nen und sehr dezenten Mustern bezaubert durch einen ruhigen, eleganten und nat\u00fcrlichen Look, der in jedes moderne Zuhause passt. Ebenso wie die Modelle \u201eFagus\u201c und \u201eBetula\u201c wird dieser Teppich mit dem erlesenen Papiergarn auf Filz gewebt. Der strapazierf\u00e4hige, pflegeleichte und wundersch\u00f6ne Teppich ist so naturnah wie nur m\u00f6glich.<\/p>","protected":false},"excerpt":{"rendered":"<p>Das Modell \u201eUlmus\u201c mit seinen grauen Farbt\u00f6nen und sehr dezenten Mustern bezaubert durch einen ruhigen, eleganten und nat\u00fcrlichen Look, der in jedes moderne Zuhause passt. Ebenso wie die Modelle \u201eFagus\u201c und \u201eBetula\u201c wird dieser Teppich mit dem erlesenen Papiergarn auf Filz gewebt. Der strapazierf\u00e4hige, pflegeleichte und wundersch\u00f6ne Teppich ist so naturnah wie nur m\u00f6glich.<\/p>","protected":false},"featured_media":4791,"template":"","meta":[],"product_cat":[77,37],"product_tag":[60,168],"class_list":["post-4764","product","type-product","status-publish","has-post-thumbnail","hentry","product_cat-haandvaevet","product_cat-teapper","product_tag-haandvaevet","product_tag-jens-landberg-schroeder","pa_farve-1414-koksgraa","pa_farve-1616-graa","pa_farve-2727-lysegraa"],"acf":[],"_links":{"self":[{"href":"https:\/\/fabulaliving.dk\/de\/wp-json\/wp\/v2\/product\/4764","targetHints":{"allow":["GET"]}}],"collection":[{"href":"https:\/\/fabulaliving.dk\/de\/wp-json\/wp\/v2\/product"}],"about":[{"href":"https:\/\/fabulaliving.dk\/de\/wp-json\/wp\/v2\/types\/product"}],"wp:featuredmedia":[{"embeddable":true,"href":"https:\/\/fabulaliving.dk\/de\/wp-json\/wp\/v2\/media\/4791"}],"wp:attachment":[{"href":"https:\/\/fabulaliving.dk\/de\/wp-json\/wp\/v2\/media?parent=4764"}],"wp:term":[{"taxonomy":"product_cat","embeddable":true,"href":"https:\/\/fabulaliving.dk\/de\/wp-json\/wp\/v2\/product_cat?post=4764"},{"taxonomy":"product_tag","embeddable":true,"href":"https:\/\/fabulaliving.dk\/de\/wp-json\/wp\/v2\/product_tag?post=4764"}],"curies":[{"name":"wp","href":"https:\/\/api.w.org\/{rel}","templated":true}]}}