{"id":3183,"date":"2023-03-07T10:35:45","date_gmt":"2023-03-07T10:35:45","guid":{"rendered":"https:\/\/fabulaliving.dk\/?page_id=3183"},"modified":"2024-02-01T08:55:06","modified_gmt":"2024-02-01T08:55:06","slug":"lisbeth-friis","status":"publish","type":"page","link":"https:\/\/fabulaliving.dk\/en\/lisbeth-friis\/","title":{"rendered":"Lisbeth Friis"},"content":{"rendered":"<div data-elementor-type=\"wp-page\" data-elementor-id=\"3183\" class=\"elementor elementor-3183\" data-elementor-post-type=\"page\">\n\t\t\t\t\t\t\t\t\t<section class=\"elementor-section elementor-top-section elementor-element elementor-element-c142b07 elementor-section-boxed elementor-section-height-default elementor-section-height-default\" data-id=\"c142b07\" data-element_type=\"section\">\n\t\t\t\t\t\t<div class=\"elementor-container elementor-column-gap-default\">\n\t\t\t\t\t<div class=\"elementor-column elementor-col-100 elementor-top-column elementor-element elementor-element-79dc072\" data-id=\"79dc072\" data-element_type=\"column\">\n\t\t\t<div class=\"elementor-widget-wrap elementor-element-populated\">\n\t\t\t\t\t\t\t\t<section class=\"elementor-section elementor-inner-section elementor-element elementor-element-1ce3fbf elementor-section-boxed elementor-section-height-default elementor-section-height-default\" data-id=\"1ce3fbf\" data-element_type=\"section\">\n\t\t\t\t\t\t<div class=\"elementor-container elementor-column-gap-default\">\n\t\t\t\t\t<div class=\"elementor-column elementor-col-50 elementor-inner-column elementor-element elementor-element-4e19479\" data-id=\"4e19479\" data-element_type=\"column\">\n\t\t\t<div class=\"elementor-widget-wrap elementor-element-populated\">\n\t\t\t\t\t\t\t\t<div class=\"elementor-element elementor-element-e281497 elementor-widget elementor-widget-text-editor\" data-id=\"e281497\" data-element_type=\"widget\" data-widget_type=\"text-editor.default\">\n\t\t\t\t<div class=\"elementor-widget-container\">\n\t\t\t<style>\/*! elementor - v3.16.0 - 20-09-2023 *\/\n.elementor-widget-text-editor.elementor-drop-cap-view-stacked .elementor-drop-cap{background-color:#69727d;color:#fff}.elementor-widget-text-editor.elementor-drop-cap-view-framed .elementor-drop-cap{color:#69727d;border:3px solid;background-color:transparent}.elementor-widget-text-editor:not(.elementor-drop-cap-view-default) .elementor-drop-cap{margin-top:8px}.elementor-widget-text-editor:not(.elementor-drop-cap-view-default) .elementor-drop-cap-letter{width:1em;height:1em}.elementor-widget-text-editor .elementor-drop-cap{float:left;text-align:center;line-height:1;font-size:50px}.elementor-widget-text-editor .elementor-drop-cap-letter{display:inline-block}<\/style>\t\t\t\t<h2>Designer<\/h2><h3>Lisbet Friis<\/h3><div class=\"columnText\"><p>\u00a0<\/p><\/div>\t\t\t\t\t\t<\/div>\n\t\t\t\t<\/div>\n\t\t\t\t<div class=\"elementor-element elementor-element-f73dfb8 elementor-widget elementor-widget-image\" data-id=\"f73dfb8\" data-element_type=\"widget\" data-widget_type=\"image.default\">\n\t\t\t\t<div class=\"elementor-widget-container\">\n\t\t\t<style>\/*! elementor - v3.16.0 - 20-09-2023 *\/\n.elementor-widget-image{text-align:center}.elementor-widget-image a{display:inline-block}.elementor-widget-image a img[src$=\".svg\"]{width:48px}.elementor-widget-image img{vertical-align:middle;display:inline-block}<\/style>\t\t\t\t\t\t\t\t\t\t\t\t<img loading=\"lazy\" decoding=\"async\" width=\"300\" height=\"355\" src=\"https:\/\/fabulaliving.dk\/wp-content\/uploads\/2023\/03\/Lisbeth_300x355.jpg\" class=\"attachment-large size-large wp-image-3185\" alt=\"\" srcset=\"https:\/\/fabulaliving.dk\/wp-content\/uploads\/2023\/03\/Lisbeth_300x355.jpg 300w, https:\/\/fabulaliving.dk\/wp-content\/uploads\/2023\/03\/Lisbeth_300x355-254x300.jpg 254w, https:\/\/fabulaliving.dk\/wp-content\/uploads\/2023\/03\/Lisbeth_300x355-10x12.jpg 10w, https:\/\/fabulaliving.dk\/wp-content\/uploads\/2023\/03\/Lisbeth_300x355-64x76.jpg 64w\" sizes=\"auto, (max-width: 300px) 100vw, 300px\" \/>\t\t\t\t\t\t\t\t\t\t\t\t\t\t\t<\/div>\n\t\t\t\t<\/div>\n\t\t\t\t\t<\/div>\n\t\t<\/div>\n\t\t\t\t<div class=\"elementor-column elementor-col-50 elementor-inner-column elementor-element elementor-element-36b539f\" data-id=\"36b539f\" data-element_type=\"column\">\n\t\t\t<div class=\"elementor-widget-wrap elementor-element-populated\">\n\t\t\t\t\t\t\t\t<div class=\"elementor-element elementor-element-67052dc elementor-widget elementor-widget-text-editor\" data-id=\"67052dc\" data-element_type=\"widget\" data-widget_type=\"text-editor.default\">\n\t\t\t\t<div class=\"elementor-widget-container\">\n\t\t\t\t\t\t\t<p>Long time collaborator and renowned Danish textile designer Lisbet Friis plays an important part in translating Fabula Living\u2019s vision into the simple and striking Nordic style.<\/p><p><span style=\"color: var( --e-global-color-text );font-family: var( --e-global-typography-text-font-family ), montserrat;font-size: var( --e-global-typography-text-font-size );font-weight: var( --e-global-typography-text-font-weight );background-color: var( --e-global-color-b75e11a )\">The award-wining designer has brought her extensive knowledge of patterns, colours and materials into the collaboration, and she shares the company\u2019s attention to detail and passion for creating long lasting design.<\/span><\/p>\n<p><\/p>\n<p>In her own studio in an idyllic forest north of Copenhagen, she is constantly sketching, trying and testing materials and colours. These on-going experiments produce results shown in international exhibitions and later provide ideas for her design commissions.&nbsp;<\/p>\t\t\t\t\t\t<\/div>\n\t\t\t\t<\/div>\n\t\t\t\t\t<\/div>\n\t\t<\/div>\n\t\t\t\t\t\t\t<\/div>\n\t\t<\/section>\n\t\t\t\t\t<\/div>\n\t\t<\/div>\n\t\t\t\t\t\t\t<\/div>\n\t\t<\/section>\n\t\t\t\t\t\t\t<\/div>","protected":false},"excerpt":{"rendered":"<p>Designer Lisbet Friis \u00a0 Den anerkendte tekstildesigner Lisbet Friis har arbejdet t\u00e6t sammen med Fabula Living siden 2013 og har v\u00e6ret med til at oms\u00e6tte firmaets designvision til et enkelt og i\u00f8jnefaldende udtryk. Den prisvindende designer bidrager med en omfattende viden om m\u00f8nstre, farver og materialer og deler virksomhedens sans for detaljer og passion for [&hellip;]<\/p>","protected":false},"author":1,"featured_media":0,"parent":0,"menu_order":0,"comment_status":"closed","ping_status":"closed","template":"","meta":{"footnotes":""},"class_list":["post-3183","page","type-page","status-publish","hentry"],"acf":[],"_links":{"self":[{"href":"https:\/\/fabulaliving.dk\/en\/wp-json\/wp\/v2\/pages\/3183","targetHints":{"allow":["GET"]}}],"collection":[{"href":"https:\/\/fabulaliving.dk\/en\/wp-json\/wp\/v2\/pages"}],"about":[{"href":"https:\/\/fabulaliving.dk\/en\/wp-json\/wp\/v2\/types\/page"}],"author":[{"embeddable":true,"href":"https:\/\/fabulaliving.dk\/en\/wp-json\/wp\/v2\/users\/1"}],"replies":[{"embeddable":true,"href":"https:\/\/fabulaliving.dk\/en\/wp-json\/wp\/v2\/comments?post=3183"}],"version-history":[{"count":13,"href":"https:\/\/fabulaliving.dk\/en\/wp-json\/wp\/v2\/pages\/3183\/revisions"}],"predecessor-version":[{"id":5602,"href":"https:\/\/fabulaliving.dk\/en\/wp-json\/wp\/v2\/pages\/3183\/revisions\/5602"}],"wp:attachment":[{"href":"https:\/\/fabulaliving.dk\/en\/wp-json\/wp\/v2\/media?parent=3183"}],"curies":[{"name":"wp","href":"https:\/\/api.w.org\/{rel}","templated":true}]}}