{"id":2069,"date":"2022-12-29T11:01:24","date_gmt":"2022-12-29T11:01:24","guid":{"rendered":"https:\/\/fabulaliving.dk\/?post_type=product&#038;p=2069"},"modified":"2024-01-30T12:35:49","modified_gmt":"2024-01-30T12:35:49","slug":"njord","status":"publish","type":"product","link":"https:\/\/fabulaliving.dk\/en\/product\/njord\/","title":{"rendered":"Njord"},"content":{"rendered":"<p>Njord is a versatile, understated, and undeniably Scandinavian kilim rug available in four colour combinations, all leaning towards a calm, natural muted palette of silvery and greyish tones. Using the special gabbeh-dye technique, only partly dying the yarn, gives a lively flare to the striped design, which is elegantly finished off with dark grey fringes. The fine weaving technique makes the rug reversible.<\/p>","protected":false},"excerpt":{"rendered":"<p>Njord er et alsidigt, afd\u00e6mpet og rendyrket skandinavisk kelimt\u00e6ppe, som kommer i fire farvekombinationer, der alle tangerer en rolig, naturlig og subtil farvepalet med s\u00f8lv og gr\u00e5lige toner. Den s\u00e6rlige indfarvningsteknik gabbeh-dye giver et livligt spil i det stribede design, som er elegant afsluttet med m\u00f8rkegr\u00e5 frynser. Den fine v\u00e6veteknik betyder, at t\u00e6ppet kan bruges [&hellip;]<\/p>","protected":false},"featured_media":2827,"template":"","meta":[],"product_cat":[77,61,38,37],"product_tag":[60,39],"class_list":["post-2069","product","type-product","status-publish","has-post-thumbnail","hentry","product_cat-haandvaevet","product_cat-kelim-2","product_cat-kelim","product_cat-teapper","product_tag-haandvaevet","product_tag-kelim","pa_farve-1415-koksgraa-sort","pa_farve-1610-graa-hvid-3","pa_farve-2710-lysegraa-hvid","pa_farve-2715-lysegraa-sort"],"acf":[],"_links":{"self":[{"href":"https:\/\/fabulaliving.dk\/en\/wp-json\/wp\/v2\/product\/2069","targetHints":{"allow":["GET"]}}],"collection":[{"href":"https:\/\/fabulaliving.dk\/en\/wp-json\/wp\/v2\/product"}],"about":[{"href":"https:\/\/fabulaliving.dk\/en\/wp-json\/wp\/v2\/types\/product"}],"wp:featuredmedia":[{"embeddable":true,"href":"https:\/\/fabulaliving.dk\/en\/wp-json\/wp\/v2\/media\/2827"}],"wp:attachment":[{"href":"https:\/\/fabulaliving.dk\/en\/wp-json\/wp\/v2\/media?parent=2069"}],"wp:term":[{"taxonomy":"product_cat","embeddable":true,"href":"https:\/\/fabulaliving.dk\/en\/wp-json\/wp\/v2\/product_cat?post=2069"},{"taxonomy":"product_tag","embeddable":true,"href":"https:\/\/fabulaliving.dk\/en\/wp-json\/wp\/v2\/product_tag?post=2069"}],"curies":[{"name":"wp","href":"https:\/\/api.w.org\/{rel}","templated":true}]}}