{"id":2238,"date":"2022-12-29T12:35:35","date_gmt":"2022-12-29T12:35:35","guid":{"rendered":"https:\/\/fabulaliving.dk\/?post_type=product&#038;p=2238"},"modified":"2024-03-07T12:00:22","modified_gmt":"2024-03-07T12:00:22","slug":"holger","status":"publish","type":"product","link":"https:\/\/fabulaliving.dk\/en\/product\/holger\/","title":{"rendered":"Holger"},"content":{"rendered":"<p>Among a lot of qualities, this hand-woven rug has an appealing tight texture, a multidimensional depth created by the cotton thread, that makes you want to glide a hand over the surface. Visually the muted and lighter tones balance the darker shades and soften the pattern resulting in a less graphic and more organic expression finished with an elegant edge. The natural, calming colours and the sublime quality of the wool make this a rug that create a good acoustics, cosy ambience, and warmth in the home. Apart from being made with finer yarn, Holger is in the same family as Rolf and Humle.<\/p>","protected":false},"excerpt":{"rendered":"<p>Holger er et h\u00e5ndv\u00e6vet t\u00e6ppe med mange kvaliteter, der giver en umiddelbar lyst til at glide h\u00e5nden hen over den stramme v\u00e6vning med den s\u00e6rlige tredimensionelle dybde skabt af bomuldstr\u00e5den. En harmonisk balance mellem de d\u00e6mpede, lysere toner og de m\u00f8rkere nuancer g\u00f8r m\u00f8nstret mindre grafisk og mere organisk i udtrykket, der bliver rundet af [&hellip;]<\/p>","protected":false},"featured_media":2872,"template":"","meta":[],"product_cat":[77,61,38,37],"product_tag":[60,39],"class_list":["post-2238","product","type-product","status-publish","has-post-thumbnail","hentry","product_cat-haandvaevet","product_cat-kelim-2","product_cat-kelim","product_cat-teapper","product_tag-haandvaevet","product_tag-kelim","pa_farve-1115-off-white-sort","pa_farve-1615-graa-sort","pa_farve-4715-oliven-sort"],"acf":[],"_links":{"self":[{"href":"https:\/\/fabulaliving.dk\/en\/wp-json\/wp\/v2\/product\/2238","targetHints":{"allow":["GET"]}}],"collection":[{"href":"https:\/\/fabulaliving.dk\/en\/wp-json\/wp\/v2\/product"}],"about":[{"href":"https:\/\/fabulaliving.dk\/en\/wp-json\/wp\/v2\/types\/product"}],"wp:featuredmedia":[{"embeddable":true,"href":"https:\/\/fabulaliving.dk\/en\/wp-json\/wp\/v2\/media\/2872"}],"wp:attachment":[{"href":"https:\/\/fabulaliving.dk\/en\/wp-json\/wp\/v2\/media?parent=2238"}],"wp:term":[{"taxonomy":"product_cat","embeddable":true,"href":"https:\/\/fabulaliving.dk\/en\/wp-json\/wp\/v2\/product_cat?post=2238"},{"taxonomy":"product_tag","embeddable":true,"href":"https:\/\/fabulaliving.dk\/en\/wp-json\/wp\/v2\/product_tag?post=2238"}],"curies":[{"name":"wp","href":"https:\/\/api.w.org\/{rel}","templated":true}]}}