{"id":4355,"date":"2024-01-08T12:03:13","date_gmt":"2024-01-08T12:03:13","guid":{"rendered":"https:\/\/fabulaliving.dk\/?post_type=product&#038;p=4355"},"modified":"2026-04-07T19:59:32","modified_gmt":"2026-04-07T19:59:32","slug":"edda","status":"publish","type":"product","link":"https:\/\/fabulaliving.dk\/en\/product\/edda\/","title":{"rendered":"Edda"},"content":{"rendered":"<p>Thick, soft, and gorgeous, say hello to Edda - an embodiment of pure cosiness. Crafted from the finest New Zealand merino wool, this rug boasts a soft and lustrous surface, ensuring durability that withstands fraying. Invest in enduring comfort with this warm and soothing design in warm grey, cashmere, and off white. A rug that combines contemporary sleekness and thick luxurious quality.<\/p>","protected":false},"excerpt":{"rendered":"<p>Vamset, bl\u00f8dt og smuk, lette toner, m\u00f8d Edda \u2013 indbegrebet af ren hygge. Den fineste New Zealand merinould giver dette t\u00e6ppe en t\u00e6t, bl\u00f8d og blank overflade, der sikrer holdbarhed og forhindrer, at det bliver nusset i overfladen. Invest\u00e9r i indbydende komfort med dette varme og beroligende design, der kommer i off-white, varm gr\u00e5 og [&hellip;]<\/p>","protected":false},"featured_media":5798,"template":"","meta":[],"product_cat":[77,79,159,37],"product_tag":[60,39],"class_list":["post-4355","product","type-product","status-publish","has-post-thumbnail","hentry","product_cat-haandvaevet","product_cat-luv","product_cat-nyheder","product_cat-teapper","product_tag-haandvaevet","product_tag-kelim","pa_farve-1111-off-white","pa_farve-1616-varm-graa","pa_farve-3535-cashmere"],"acf":[],"_links":{"self":[{"href":"https:\/\/fabulaliving.dk\/en\/wp-json\/wp\/v2\/product\/4355","targetHints":{"allow":["GET"]}}],"collection":[{"href":"https:\/\/fabulaliving.dk\/en\/wp-json\/wp\/v2\/product"}],"about":[{"href":"https:\/\/fabulaliving.dk\/en\/wp-json\/wp\/v2\/types\/product"}],"wp:featuredmedia":[{"embeddable":true,"href":"https:\/\/fabulaliving.dk\/en\/wp-json\/wp\/v2\/media\/5798"}],"wp:attachment":[{"href":"https:\/\/fabulaliving.dk\/en\/wp-json\/wp\/v2\/media?parent=4355"}],"wp:term":[{"taxonomy":"product_cat","embeddable":true,"href":"https:\/\/fabulaliving.dk\/en\/wp-json\/wp\/v2\/product_cat?post=4355"},{"taxonomy":"product_tag","embeddable":true,"href":"https:\/\/fabulaliving.dk\/en\/wp-json\/wp\/v2\/product_tag?post=4355"}],"curies":[{"name":"wp","href":"https:\/\/api.w.org\/{rel}","templated":true}]}}