{"id":4408,"date":"2024-01-08T12:52:39","date_gmt":"2024-01-08T12:52:39","guid":{"rendered":"https:\/\/fabulaliving.dk\/?post_type=product&#038;p=4408"},"modified":"2026-04-07T20:03:06","modified_gmt":"2026-04-07T20:03:06","slug":"hjalte","status":"publish","type":"product","link":"https:\/\/fabulaliving.dk\/en\/product\/hjalte\/","title":{"rendered":"Hjalte"},"content":{"rendered":"<p>Sinking your feet into the Hjalte rug is an unparalleled experience of comfort and softness. Like Ask, it is hand-woven with a blend of wool and linen, and the use of longer piles enhances its lushness. The rug\u2019s substantial weight signals its high quality, yet the surface maintains a light and lively feel. The exceptional wool quality not only ensures ease of cleaning but also delivers an excellent bounce-back effect, allowing footprints and pathways to disappear effortlessly with a vacuum cleaner. With a colour palette of grey, off white, latte, and dark beige, the Hjalte rug ticks all the boxes for a cosy and elegant ambience.<\/p>","protected":false},"excerpt":{"rendered":"<p>At tr\u00e6de p\u00e5 Hjalte-t\u00e6ppet er en uovertruffen oplevelse af bl\u00f8d komfort. Ligesom Ask er det v\u00e6vet med en blanding af uld og h\u00f8r, og brugen af l\u00e6ngere fibre forst\u00e6rker fylden. Trods t\u00e6ppets tyngde, der understreger den h\u00f8je kvalitet, er overfladen let og levende. Den uds\u00f8gte uldkvalitet g\u00f8r t\u00e6ppet nemt at holde rent og giver en [&hellip;]<\/p>","protected":false},"featured_media":4427,"template":"","meta":[],"product_cat":[77,79,159,37],"product_tag":[60,39],"class_list":["post-4408","product","type-product","status-publish","has-post-thumbnail","hentry","product_cat-haandvaevet","product_cat-luv","product_cat-nyheder","product_cat-teapper","product_tag-haandvaevet","product_tag-kelim","pa_farve-1111-off-white","pa_farve-1616-graa","pa_farve-3333-latte","pa_farve-3939-moerk-beige"],"acf":[],"_links":{"self":[{"href":"https:\/\/fabulaliving.dk\/en\/wp-json\/wp\/v2\/product\/4408","targetHints":{"allow":["GET"]}}],"collection":[{"href":"https:\/\/fabulaliving.dk\/en\/wp-json\/wp\/v2\/product"}],"about":[{"href":"https:\/\/fabulaliving.dk\/en\/wp-json\/wp\/v2\/types\/product"}],"wp:featuredmedia":[{"embeddable":true,"href":"https:\/\/fabulaliving.dk\/en\/wp-json\/wp\/v2\/media\/4427"}],"wp:attachment":[{"href":"https:\/\/fabulaliving.dk\/en\/wp-json\/wp\/v2\/media?parent=4408"}],"wp:term":[{"taxonomy":"product_cat","embeddable":true,"href":"https:\/\/fabulaliving.dk\/en\/wp-json\/wp\/v2\/product_cat?post=4408"},{"taxonomy":"product_tag","embeddable":true,"href":"https:\/\/fabulaliving.dk\/en\/wp-json\/wp\/v2\/product_tag?post=4408"}],"curies":[{"name":"wp","href":"https:\/\/api.w.org\/{rel}","templated":true}]}}