{"id":5841,"date":"2025-01-15T14:42:14","date_gmt":"2025-01-15T14:42:14","guid":{"rendered":"https:\/\/fabulaliving.dk\/?post_type=product&#038;p=5841"},"modified":"2025-02-20T12:46:27","modified_gmt":"2025-02-20T12:46:27","slug":"rubus","status":"publish","type":"product","link":"https:\/\/fabulaliving.dk\/en\/product\/rubus\/","title":{"rendered":"Rubus"},"content":{"rendered":"<p>With a light, elegant pattern in subtle, earthy shades of sienna, olive and greys, designer Lisbeth Friis brings her signature style to this handwoven rug. A combination of handspun wool in the finest quality and an intricate weaving technique\u2014known from our popular Daisy rug \u2013 gives Rubus an inviting feminine touch with a rustic texture that brings depth and character to any room.<br \/>\nIts layered structure, soft look, and the exceptional durability make it ideal for hospitality spaces or busy areas of the home.<\/p>","protected":false},"excerpt":{"rendered":"<p>Med et let, elegant m\u00f8nster i rolige, naturlige nuancer af br\u00e6ndt jordfarve, honning, oliven og gr\u00e5 har designer Lisbeth Friis sat sin signatur p\u00e5 dette feminine og rustikke t\u00e6ppe, der giver dybde og karakter til indretningen. Rubus kombinerer h\u00e5ndspundet uld i h\u00f8jeste kvalitet med en avanceret v\u00e6veteknik \u2013 kendt fra vores eftertragtede Daisy-t\u00e6ppe. Kombinationen af [&hellip;]<\/p>","protected":false},"featured_media":5909,"template":"","meta":[],"product_cat":[15,77,61,38,159,37],"product_tag":[],"class_list":["post-5841","product","type-product","status-publish","has-post-thumbnail","hentry","product_cat-uncategorized","product_cat-haandvaevet","product_cat-kelim-2","product_cat-kelim","product_cat-nyheder","product_cat-teapper","pa_farve-1220-beige-sienna","pa_farve-1247-beige-olive","pa_farve-2716-lysegraa-graa","pa_farve-2723-light-grey-honey"],"acf":[],"_links":{"self":[{"href":"https:\/\/fabulaliving.dk\/en\/wp-json\/wp\/v2\/product\/5841","targetHints":{"allow":["GET"]}}],"collection":[{"href":"https:\/\/fabulaliving.dk\/en\/wp-json\/wp\/v2\/product"}],"about":[{"href":"https:\/\/fabulaliving.dk\/en\/wp-json\/wp\/v2\/types\/product"}],"wp:featuredmedia":[{"embeddable":true,"href":"https:\/\/fabulaliving.dk\/en\/wp-json\/wp\/v2\/media\/5909"}],"wp:attachment":[{"href":"https:\/\/fabulaliving.dk\/en\/wp-json\/wp\/v2\/media?parent=5841"}],"wp:term":[{"taxonomy":"product_cat","embeddable":true,"href":"https:\/\/fabulaliving.dk\/en\/wp-json\/wp\/v2\/product_cat?post=5841"},{"taxonomy":"product_tag","embeddable":true,"href":"https:\/\/fabulaliving.dk\/en\/wp-json\/wp\/v2\/product_tag?post=5841"}],"curies":[{"name":"wp","href":"https:\/\/api.w.org\/{rel}","templated":true}]}}